{"id":7,"date":"2013-07-18T16:22:31","date_gmt":"2013-07-18T14:22:31","guid":{"rendered":"https:\/\/www.campeggioconcavalli.com\/francais\/?page_id=7"},"modified":"2013-08-19T16:00:37","modified_gmt":"2013-08-19T14:00:37","slug":"camping","status":"publish","type":"page","link":"https:\/\/www.campeggioconcavalli.com\/francais\/camping\/","title":{"rendered":"Agri-Site"},"content":{"rendered":"<h1>Le Camping Horse et ses environs<\/h1>\n<p><img decoding=\"async\" loading=\"lazy\" class=\"alignright size-full wp-image-26\" style=\"margin-top: -8px;\" alt=\"Agri-site in Pi\u00e9mont\" src=\"https:\/\/www.campeggioconcavalli.com\/francais\/wp-content\/uploads\/2013\/07\/agricampeggio-piemonte.jpg\" width=\"400\" height=\"267\" srcset=\"https:\/\/www.campeggioconcavalli.com\/francais\/wp-content\/uploads\/2013\/07\/agricampeggio-piemonte.jpg 400w, https:\/\/www.campeggioconcavalli.com\/francais\/wp-content\/uploads\/2013\/07\/agricampeggio-piemonte-300x200.jpg 300w\" sizes=\"(max-width: 400px) 100vw, 400px\" \/><strong>Le Camping Horse<\/strong> est un <strong>agri-site<\/strong> ouvert au camping situ\u00e9 dans les magnifiques collines italiennes du Pi\u00e9mont.\u00a0 Bien que dans une zone rurale, il est tr\u00e8s proche de restaurants, activit\u00e9s et autres commerces.<\/p>\n<p><strong>La r\u00e9gion du Pi\u00e9mont<\/strong>, d\u00e9crite comme la Toscane mais sans toutes les touristes, est proche des Alpes Maritimes, de la Mer M\u00e9diteran\u00e9e et de la fameuse r\u00e9gion du vin Barolo.\u00a0 Visitez en Automne et vous pourrez trouver les Truffes du Pi\u00e9mont, \u00e9galement fameuses.<\/p>\n<p><strong><\/strong>Un immense r\u00e9seau de chemins d\u00e9bute au niveau du Camping Horse, vous permettant de parcourir une r\u00e9gion bois\u00e9e incroyablement riche dans sa faune et sa flore.<\/p>\n<p><strong>Que ce soit \u00e0 pied, \u00e0 velo ou \u00e0 cheval<\/strong>, la beaut\u00e9 des paysages vous gardera en \u00e9moi tout au long de votre s\u00e9jour.<\/p>\n<p><strong>Le Camping Horse, avec ses toutes nouvelles installations peut accueillir tentes, caravanes et campervans<\/strong>. En plus des indispensables douches et commodit\u00e9s, un barbecue est \u00e0 votre disposition.<\/p>\n<p>Le site fournit la parfaite exp\u00e9rience de camping pour ceux qui aimeraient emmener leur cheval avec eux.\u00a0 Des paddocks et abris sont disponibles, ainsi qu\u2019une carri\u00e8re.<br \/>\n<img decoding=\"async\" loading=\"lazy\" class=\"alignleft size-full wp-image-31\" alt=\"clubs \u00e9questres dans le Pi\u00e9mont\" src=\"https:\/\/www.campeggioconcavalli.com\/francais\/wp-content\/uploads\/2013\/07\/maneggio-cavalli-piemonte.jpg\" width=\"400\" height=\"300\" srcset=\"https:\/\/www.campeggioconcavalli.com\/francais\/wp-content\/uploads\/2013\/07\/maneggio-cavalli-piemonte.jpg 400w, https:\/\/www.campeggioconcavalli.com\/francais\/wp-content\/uploads\/2013\/07\/maneggio-cavalli-piemonte-300x225.jpg 300w\" sizes=\"(max-width: 400px) 100vw, 400px\" \/><strong>Si vous ne poss\u00e9dez pas vos propres chevaux, il y a un nombre de clubs \u00e9questres<\/strong> locaux ainsi que des ballades guid\u00e9es vous permettant ainsi de profiter pleinement du Parc National Pi\u00e9mont.<\/p>\n<p><strong>Le Camping Horse se trouve \u00e0 700 m\u00e8tres du magnifique village m\u00e9di\u00e9val de Priero<\/strong>, offrant une architecture incroyable dont une \u00e9glise splendide et une tour qui domine les environs.<\/p>\n<p><strong><\/strong>Au centre du village, vous trouverez \u00e9galement une \u00e9pic\u00e9rie, un bureau de poste et, beaucoup plus int\u00e9ressant, un caf\u00e9, une pizzeria ainsi qu\u2019un restaurant construit autour d\u2019une cave \u00e0 vin.<\/p>\n<p>&nbsp;<\/p>\n<p><img decoding=\"async\" loading=\"lazy\" class=\"alignright size-full wp-image-35\" alt=\"Priero in Pi\u00e9mont\" src=\"https:\/\/www.campeggioconcavalli.com\/francais\/wp-content\/uploads\/2013\/07\/priero-piemonte.jpg\" width=\"400\" height=\"267\" srcset=\"https:\/\/www.campeggioconcavalli.com\/francais\/wp-content\/uploads\/2013\/07\/priero-piemonte.jpg 400w, https:\/\/www.campeggioconcavalli.com\/francais\/wp-content\/uploads\/2013\/07\/priero-piemonte-300x200.jpg 300w\" sizes=\"(max-width: 400px) 100vw, 400px\" \/>A 4 kilometres, la ville de Ceva datant de l\u2019\u00e9poque romaine quand c\u2019\u00e9tait un important point de ravitaillement o\u00f9 les militaires changeaient de chevaux.\u00a0 La ville poss\u00e8de une zone pav\u00e9e regroupant le march\u00e9, les caf\u00e9s et autres magasins ou vous pourrez vous plonger dans l\u2019atmosph\u00e8re italienne.<\/p>\n<p>Si d\u2019aventures vous aimeriez visiter le bord de mer, la c\u00f4te ligurienne se situe \u00e0 moins de 45 minutes. Aussi, la ville culturelle de Turin se trouve \u00e0 une heure porte \u00e0 porte.<\/p>\n","protected":false},"excerpt":{"rendered":"<p>Le Camping Horse et ses environs Le Camping Horse est un agri-site ouvert au camping situ\u00e9 dans les magnifiques collines italiennes du Pi\u00e9mont.\u00a0 Bien que dans une zone rurale, il est tr\u00e8s proche de restaurants, activit\u00e9s et autres commerces. La r\u00e9gion du Pi\u00e9mont, d\u00e9crite comme la Toscane mais sans toutes les touristes, est proche des [&hellip;]<\/p>\n","protected":false},"author":3,"featured_media":0,"parent":0,"menu_order":1,"comment_status":"open","ping_status":"open","template":"","meta":{"ngg_post_thumbnail":0,"footnotes":""},"yoast_head":"<!-- This site is optimized with the Yoast SEO plugin v22.6 - https:\/\/yoast.com\/wordpress\/plugins\/seo\/ -->\n<title>Agri-site avec cheval in Pi\u00e9mont, Italie<\/title>\n<meta name=\"description\" content=\"Le Camping Horse, avec ses toutes nouvelles installations peut accueillir tentes, caravanes et campervans.\" \/>\n<meta name=\"robots\" content=\"index, follow, max-snippet:-1, max-image-preview:large, max-video-preview:-1\" \/>\n<link rel=\"canonical\" href=\"https:\/\/www.campeggioconcavalli.com\/francais\/camping\/\" \/>\n<meta property=\"og:locale\" content=\"fr_FR\" \/>\n<meta property=\"og:type\" content=\"article\" \/>\n<meta property=\"og:title\" content=\"Agri-site avec cheval in Pi\u00e9mont, Italie\" \/>\n<meta property=\"og:description\" content=\"Le Camping Horse, avec ses toutes nouvelles installations peut accueillir tentes, caravanes et campervans.\" \/>\n<meta property=\"og:url\" content=\"https:\/\/www.campeggioconcavalli.com\/francais\/camping\/\" \/>\n<meta property=\"og:site_name\" content=\"Camping Horse\" \/>\n<meta property=\"article:modified_time\" content=\"2013-08-19T14:00:37+00:00\" \/>\n<meta property=\"og:image\" content=\"https:\/\/www.campeggioconcavalli.com\/francais\/wp-content\/uploads\/2013\/07\/agricampeggio-piemonte.jpg\" \/>\n<meta name=\"twitter:card\" content=\"summary_large_image\" \/>\n<meta name=\"twitter:label1\" content=\"Dur\u00e9e de lecture estim\u00e9e\" \/>\n\t<meta name=\"twitter:data1\" content=\"2 minutes\" \/>\n<script type=\"application\/ld+json\" class=\"yoast-schema-graph\">{\"@context\":\"https:\/\/schema.org\",\"@graph\":[{\"@type\":\"WebPage\",\"@id\":\"https:\/\/www.campeggioconcavalli.com\/francais\/camping\/\",\"url\":\"https:\/\/www.campeggioconcavalli.com\/francais\/camping\/\",\"name\":\"Agri-site avec cheval in Pi\u00e9mont, Italie\",\"isPartOf\":{\"@id\":\"https:\/\/www.campeggioconcavalli.com\/francais\/#website\"},\"primaryImageOfPage\":{\"@id\":\"https:\/\/www.campeggioconcavalli.com\/francais\/camping\/#primaryimage\"},\"image\":{\"@id\":\"https:\/\/www.campeggioconcavalli.com\/francais\/camping\/#primaryimage\"},\"thumbnailUrl\":\"https:\/\/www.campeggioconcavalli.com\/francais\/wp-content\/uploads\/2013\/07\/agricampeggio-piemonte.jpg\",\"datePublished\":\"2013-07-18T14:22:31+00:00\",\"dateModified\":\"2013-08-19T14:00:37+00:00\",\"description\":\"Le Camping Horse, avec ses toutes nouvelles installations peut accueillir tentes, caravanes et campervans.\",\"breadcrumb\":{\"@id\":\"https:\/\/www.campeggioconcavalli.com\/francais\/camping\/#breadcrumb\"},\"inLanguage\":\"fr-FR\",\"potentialAction\":[{\"@type\":\"ReadAction\",\"target\":[\"https:\/\/www.campeggioconcavalli.com\/francais\/camping\/\"]}]},{\"@type\":\"ImageObject\",\"inLanguage\":\"fr-FR\",\"@id\":\"https:\/\/www.campeggioconcavalli.com\/francais\/camping\/#primaryimage\",\"url\":\"https:\/\/www.campeggioconcavalli.com\/francais\/wp-content\/uploads\/2013\/07\/agricampeggio-piemonte.jpg\",\"contentUrl\":\"https:\/\/www.campeggioconcavalli.com\/francais\/wp-content\/uploads\/2013\/07\/agricampeggio-piemonte.jpg\",\"width\":400,\"height\":267},{\"@type\":\"BreadcrumbList\",\"@id\":\"https:\/\/www.campeggioconcavalli.com\/francais\/camping\/#breadcrumb\",\"itemListElement\":[{\"@type\":\"ListItem\",\"position\":1,\"name\":\"Home\",\"item\":\"https:\/\/www.campeggioconcavalli.com\/francais\/\"},{\"@type\":\"ListItem\",\"position\":2,\"name\":\"Agri-Site\"}]},{\"@type\":\"WebSite\",\"@id\":\"https:\/\/www.campeggioconcavalli.com\/francais\/#website\",\"url\":\"https:\/\/www.campeggioconcavalli.com\/francais\/\",\"name\":\"Camping Horse\",\"description\":\"\",\"potentialAction\":[{\"@type\":\"SearchAction\",\"target\":{\"@type\":\"EntryPoint\",\"urlTemplate\":\"https:\/\/www.campeggioconcavalli.com\/francais\/?s={search_term_string}\"},\"query-input\":\"required name=search_term_string\"}],\"inLanguage\":\"fr-FR\"}]}<\/script>\n<!-- \/ Yoast SEO plugin. -->","yoast_head_json":{"title":"Agri-site avec cheval in Pi\u00e9mont, Italie","description":"Le Camping Horse, avec ses toutes nouvelles installations peut accueillir tentes, caravanes et campervans.","robots":{"index":"index","follow":"follow","max-snippet":"max-snippet:-1","max-image-preview":"max-image-preview:large","max-video-preview":"max-video-preview:-1"},"canonical":"https:\/\/www.campeggioconcavalli.com\/francais\/camping\/","og_locale":"fr_FR","og_type":"article","og_title":"Agri-site avec cheval in Pi\u00e9mont, Italie","og_description":"Le Camping Horse, avec ses toutes nouvelles installations peut accueillir tentes, caravanes et campervans.","og_url":"https:\/\/www.campeggioconcavalli.com\/francais\/camping\/","og_site_name":"Camping Horse","article_modified_time":"2013-08-19T14:00:37+00:00","og_image":[{"url":"https:\/\/www.campeggioconcavalli.com\/francais\/wp-content\/uploads\/2013\/07\/agricampeggio-piemonte.jpg"}],"twitter_card":"summary_large_image","twitter_misc":{"Dur\u00e9e de lecture estim\u00e9e":"2 minutes"},"schema":{"@context":"https:\/\/schema.org","@graph":[{"@type":"WebPage","@id":"https:\/\/www.campeggioconcavalli.com\/francais\/camping\/","url":"https:\/\/www.campeggioconcavalli.com\/francais\/camping\/","name":"Agri-site avec cheval in Pi\u00e9mont, Italie","isPartOf":{"@id":"https:\/\/www.campeggioconcavalli.com\/francais\/#website"},"primaryImageOfPage":{"@id":"https:\/\/www.campeggioconcavalli.com\/francais\/camping\/#primaryimage"},"image":{"@id":"https:\/\/www.campeggioconcavalli.com\/francais\/camping\/#primaryimage"},"thumbnailUrl":"https:\/\/www.campeggioconcavalli.com\/francais\/wp-content\/uploads\/2013\/07\/agricampeggio-piemonte.jpg","datePublished":"2013-07-18T14:22:31+00:00","dateModified":"2013-08-19T14:00:37+00:00","description":"Le Camping Horse, avec ses toutes nouvelles installations peut accueillir tentes, caravanes et campervans.","breadcrumb":{"@id":"https:\/\/www.campeggioconcavalli.com\/francais\/camping\/#breadcrumb"},"inLanguage":"fr-FR","potentialAction":[{"@type":"ReadAction","target":["https:\/\/www.campeggioconcavalli.com\/francais\/camping\/"]}]},{"@type":"ImageObject","inLanguage":"fr-FR","@id":"https:\/\/www.campeggioconcavalli.com\/francais\/camping\/#primaryimage","url":"https:\/\/www.campeggioconcavalli.com\/francais\/wp-content\/uploads\/2013\/07\/agricampeggio-piemonte.jpg","contentUrl":"https:\/\/www.campeggioconcavalli.com\/francais\/wp-content\/uploads\/2013\/07\/agricampeggio-piemonte.jpg","width":400,"height":267},{"@type":"BreadcrumbList","@id":"https:\/\/www.campeggioconcavalli.com\/francais\/camping\/#breadcrumb","itemListElement":[{"@type":"ListItem","position":1,"name":"Home","item":"https:\/\/www.campeggioconcavalli.com\/francais\/"},{"@type":"ListItem","position":2,"name":"Agri-Site"}]},{"@type":"WebSite","@id":"https:\/\/www.campeggioconcavalli.com\/francais\/#website","url":"https:\/\/www.campeggioconcavalli.com\/francais\/","name":"Camping Horse","description":"","potentialAction":[{"@type":"SearchAction","target":{"@type":"EntryPoint","urlTemplate":"https:\/\/www.campeggioconcavalli.com\/francais\/?s={search_term_string}"},"query-input":"required name=search_term_string"}],"inLanguage":"fr-FR"}]}},"_links":{"self":[{"href":"https:\/\/www.campeggioconcavalli.com\/francais\/wp-json\/wp\/v2\/pages\/7"}],"collection":[{"href":"https:\/\/www.campeggioconcavalli.com\/francais\/wp-json\/wp\/v2\/pages"}],"about":[{"href":"https:\/\/www.campeggioconcavalli.com\/francais\/wp-json\/wp\/v2\/types\/page"}],"author":[{"embeddable":true,"href":"https:\/\/www.campeggioconcavalli.com\/francais\/wp-json\/wp\/v2\/users\/3"}],"replies":[{"embeddable":true,"href":"https:\/\/www.campeggioconcavalli.com\/francais\/wp-json\/wp\/v2\/comments?post=7"}],"version-history":[{"count":17,"href":"https:\/\/www.campeggioconcavalli.com\/francais\/wp-json\/wp\/v2\/pages\/7\/revisions"}],"predecessor-version":[{"id":127,"href":"https:\/\/www.campeggioconcavalli.com\/francais\/wp-json\/wp\/v2\/pages\/7\/revisions\/127"}],"wp:attachment":[{"href":"https:\/\/www.campeggioconcavalli.com\/francais\/wp-json\/wp\/v2\/media?parent=7"}],"curies":[{"name":"wp","href":"https:\/\/api.w.org\/{rel}","templated":true}]}}