{"id":2,"date":"2013-07-12T16:34:48","date_gmt":"2013-07-12T16:34:48","guid":{"rendered":"https:\/\/www.campeggioconcavalli.com\/francais\/?page_id=2"},"modified":"2013-08-22T10:35:20","modified_gmt":"2013-08-22T08:35:20","slug":"pagina-di-esempio","status":"publish","type":"page","link":"https:\/\/www.campeggioconcavalli.com\/francais\/","title":{"rendered":"Camping \u00e9questre"},"content":{"rendered":"<h1>Camping \u00e9questre en Pi\u00e9mont<\/h1>\n<p><img decoding=\"async\" loading=\"lazy\" class=\"size-full wp-image-16 alignleft\" alt=\"campeggio-con-cavalli-piemonte-horz\" src=\"https:\/\/www.campeggioconcavalli.com\/francais\/wp-content\/uploads\/2013\/07\/campeggio-con-cavalli-piemonte-horz.jpg\" width=\"814\" height=\"239\" srcset=\"https:\/\/www.campeggioconcavalli.com\/francais\/wp-content\/uploads\/2013\/07\/campeggio-con-cavalli-piemonte-horz.jpg 814w, https:\/\/www.campeggioconcavalli.com\/francais\/wp-content\/uploads\/2013\/07\/campeggio-con-cavalli-piemonte-horz-300x88.jpg 300w\" sizes=\"(max-width: 814px) 100vw, 814px\" \/><\/p>\n<p><strong>Un agri camping<\/strong> avec des installations modernes qui r\u00e9pond en particulier aux demandes des amateurs de chevaux, des randonneurs et des cyclistes au coeur de la campagne spectaculaire du Pi\u00e9mont.<\/p>\n<p><img decoding=\"async\" loading=\"lazy\" class=\"size-full wp-image-17 alignleft\" alt=\"campeggio-in-piemonte-horz\" src=\"https:\/\/www.campeggioconcavalli.com\/francais\/wp-content\/uploads\/2013\/07\/campeggio-in-piemonte-horz.jpg\" width=\"800\" height=\"239\" srcset=\"https:\/\/www.campeggioconcavalli.com\/francais\/wp-content\/uploads\/2013\/07\/campeggio-in-piemonte-horz.jpg 800w, https:\/\/www.campeggioconcavalli.com\/francais\/wp-content\/uploads\/2013\/07\/campeggio-in-piemonte-horz-300x89.jpg 300w\" sizes=\"(max-width: 800px) 100vw, 800px\" \/><\/p>\n<p><span id=\"result_box\" lang=\"fr\"><span class=\"hps\"><strong>Le camping<\/strong> est situ\u00e9<\/span> <span class=\"hps\">dans le village de<\/span> <span class=\"hps\">Priero<\/span><span>, \u00e0 la fronti\u00e8re<\/span> <span class=\"hps\">entre le Pi\u00e9mont<\/span> <span class=\"hps\">et la Ligurie.<\/span><\/span><\/p>\n<p><img decoding=\"async\" loading=\"lazy\" class=\"size-full wp-image-18 alignleft\" alt=\"campeggio-e-maneggio-piemonte\" src=\"https:\/\/www.campeggioconcavalli.com\/francais\/wp-content\/uploads\/2013\/07\/campeggio-e-maneggio-piemonte.jpg\" width=\"814\" height=\"230\" srcset=\"https:\/\/www.campeggioconcavalli.com\/francais\/wp-content\/uploads\/2013\/07\/campeggio-e-maneggio-piemonte.jpg 814w, https:\/\/www.campeggioconcavalli.com\/francais\/wp-content\/uploads\/2013\/07\/campeggio-e-maneggio-piemonte-300x84.jpg 300w\" sizes=\"(max-width: 814px) 100vw, 814px\" \/><\/p>\n","protected":false},"excerpt":{"rendered":"<p>Camping \u00e9questre en Pi\u00e9mont Un agri camping avec des installations modernes qui r\u00e9pond en particulier aux demandes des amateurs de chevaux, des randonneurs et des cyclistes au coeur de la campagne spectaculaire du Pi\u00e9mont. Le camping est situ\u00e9 dans le village de Priero, \u00e0 la fronti\u00e8re entre le Pi\u00e9mont et la Ligurie.<\/p>\n","protected":false},"author":3,"featured_media":0,"parent":0,"menu_order":0,"comment_status":"open","ping_status":"open","template":"","meta":{"ngg_post_thumbnail":0,"footnotes":""},"yoast_head":"<!-- This site is optimized with the Yoast SEO plugin v22.6 - https:\/\/yoast.com\/wordpress\/plugins\/seo\/ -->\n<title>Camping \u00e9questre in Pi\u00e9mont<\/title>\n<meta name=\"description\" content=\"Un agri camping avec des installations modernes qui r\u00e9pond en particulier aux demandes des amateurs de chevaux, des randonneurs et des cyclistes au coeur de la campagne spectaculaire du Pi\u00e9mont.\" \/>\n<meta name=\"robots\" content=\"index, follow, max-snippet:-1, max-image-preview:large, max-video-preview:-1\" \/>\n<link rel=\"canonical\" href=\"https:\/\/www.campeggioconcavalli.com\/francais\/\" \/>\n<meta property=\"og:locale\" content=\"fr_FR\" \/>\n<meta property=\"og:type\" content=\"article\" \/>\n<meta property=\"og:title\" content=\"Camping \u00e9questre in Pi\u00e9mont\" \/>\n<meta property=\"og:description\" content=\"Un agri camping avec des installations modernes qui r\u00e9pond en particulier aux demandes des amateurs de chevaux, des randonneurs et des cyclistes au coeur de la campagne spectaculaire du Pi\u00e9mont.\" \/>\n<meta property=\"og:url\" content=\"https:\/\/www.campeggioconcavalli.com\/francais\/\" \/>\n<meta property=\"og:site_name\" content=\"Camping Horse\" \/>\n<meta property=\"article:modified_time\" content=\"2013-08-22T08:35:20+00:00\" \/>\n<meta property=\"og:image\" content=\"https:\/\/www.campeggioconcavalli.com\/francais\/wp-content\/uploads\/2013\/07\/campeggio-con-cavalli-piemonte-horz.jpg\" \/>\n<meta name=\"twitter:card\" content=\"summary_large_image\" \/>\n<script type=\"application\/ld+json\" class=\"yoast-schema-graph\">{\"@context\":\"https:\/\/schema.org\",\"@graph\":[{\"@type\":\"WebPage\",\"@id\":\"https:\/\/www.campeggioconcavalli.com\/francais\/\",\"url\":\"https:\/\/www.campeggioconcavalli.com\/francais\/\",\"name\":\"Camping \u00e9questre in Pi\u00e9mont\",\"isPartOf\":{\"@id\":\"https:\/\/www.campeggioconcavalli.com\/francais\/#website\"},\"primaryImageOfPage\":{\"@id\":\"https:\/\/www.campeggioconcavalli.com\/francais\/#primaryimage\"},\"image\":{\"@id\":\"https:\/\/www.campeggioconcavalli.com\/francais\/#primaryimage\"},\"thumbnailUrl\":\"https:\/\/www.campeggioconcavalli.com\/francais\/wp-content\/uploads\/2013\/07\/campeggio-con-cavalli-piemonte-horz.jpg\",\"datePublished\":\"2013-07-12T16:34:48+00:00\",\"dateModified\":\"2013-08-22T08:35:20+00:00\",\"description\":\"Un agri camping avec des installations modernes qui r\u00e9pond en particulier aux demandes des amateurs de chevaux, des randonneurs et des cyclistes au coeur de la campagne spectaculaire du Pi\u00e9mont.\",\"breadcrumb\":{\"@id\":\"https:\/\/www.campeggioconcavalli.com\/francais\/#breadcrumb\"},\"inLanguage\":\"fr-FR\",\"potentialAction\":[{\"@type\":\"ReadAction\",\"target\":[\"https:\/\/www.campeggioconcavalli.com\/francais\/\"]}]},{\"@type\":\"ImageObject\",\"inLanguage\":\"fr-FR\",\"@id\":\"https:\/\/www.campeggioconcavalli.com\/francais\/#primaryimage\",\"url\":\"https:\/\/www.campeggioconcavalli.com\/francais\/wp-content\/uploads\/2013\/07\/campeggio-con-cavalli-piemonte-horz.jpg\",\"contentUrl\":\"https:\/\/www.campeggioconcavalli.com\/francais\/wp-content\/uploads\/2013\/07\/campeggio-con-cavalli-piemonte-horz.jpg\",\"width\":814,\"height\":239},{\"@type\":\"BreadcrumbList\",\"@id\":\"https:\/\/www.campeggioconcavalli.com\/francais\/#breadcrumb\",\"itemListElement\":[{\"@type\":\"ListItem\",\"position\":1,\"name\":\"Home\",\"item\":\"https:\/\/www.campeggioconcavalli.com\/francais\/\"},{\"@type\":\"ListItem\",\"position\":2,\"name\":\"Camping \u00e9questre\"}]},{\"@type\":\"WebSite\",\"@id\":\"https:\/\/www.campeggioconcavalli.com\/francais\/#website\",\"url\":\"https:\/\/www.campeggioconcavalli.com\/francais\/\",\"name\":\"Camping Horse\",\"description\":\"\",\"potentialAction\":[{\"@type\":\"SearchAction\",\"target\":{\"@type\":\"EntryPoint\",\"urlTemplate\":\"https:\/\/www.campeggioconcavalli.com\/francais\/?s={search_term_string}\"},\"query-input\":\"required name=search_term_string\"}],\"inLanguage\":\"fr-FR\"}]}<\/script>\n<!-- \/ Yoast SEO plugin. -->","yoast_head_json":{"title":"Camping \u00e9questre in Pi\u00e9mont","description":"Un agri camping avec des installations modernes qui r\u00e9pond en particulier aux demandes des amateurs de chevaux, des randonneurs et des cyclistes au coeur de la campagne spectaculaire du Pi\u00e9mont.","robots":{"index":"index","follow":"follow","max-snippet":"max-snippet:-1","max-image-preview":"max-image-preview:large","max-video-preview":"max-video-preview:-1"},"canonical":"https:\/\/www.campeggioconcavalli.com\/francais\/","og_locale":"fr_FR","og_type":"article","og_title":"Camping \u00e9questre in Pi\u00e9mont","og_description":"Un agri camping avec des installations modernes qui r\u00e9pond en particulier aux demandes des amateurs de chevaux, des randonneurs et des cyclistes au coeur de la campagne spectaculaire du Pi\u00e9mont.","og_url":"https:\/\/www.campeggioconcavalli.com\/francais\/","og_site_name":"Camping Horse","article_modified_time":"2013-08-22T08:35:20+00:00","og_image":[{"url":"https:\/\/www.campeggioconcavalli.com\/francais\/wp-content\/uploads\/2013\/07\/campeggio-con-cavalli-piemonte-horz.jpg"}],"twitter_card":"summary_large_image","schema":{"@context":"https:\/\/schema.org","@graph":[{"@type":"WebPage","@id":"https:\/\/www.campeggioconcavalli.com\/francais\/","url":"https:\/\/www.campeggioconcavalli.com\/francais\/","name":"Camping \u00e9questre in Pi\u00e9mont","isPartOf":{"@id":"https:\/\/www.campeggioconcavalli.com\/francais\/#website"},"primaryImageOfPage":{"@id":"https:\/\/www.campeggioconcavalli.com\/francais\/#primaryimage"},"image":{"@id":"https:\/\/www.campeggioconcavalli.com\/francais\/#primaryimage"},"thumbnailUrl":"https:\/\/www.campeggioconcavalli.com\/francais\/wp-content\/uploads\/2013\/07\/campeggio-con-cavalli-piemonte-horz.jpg","datePublished":"2013-07-12T16:34:48+00:00","dateModified":"2013-08-22T08:35:20+00:00","description":"Un agri camping avec des installations modernes qui r\u00e9pond en particulier aux demandes des amateurs de chevaux, des randonneurs et des cyclistes au coeur de la campagne spectaculaire du Pi\u00e9mont.","breadcrumb":{"@id":"https:\/\/www.campeggioconcavalli.com\/francais\/#breadcrumb"},"inLanguage":"fr-FR","potentialAction":[{"@type":"ReadAction","target":["https:\/\/www.campeggioconcavalli.com\/francais\/"]}]},{"@type":"ImageObject","inLanguage":"fr-FR","@id":"https:\/\/www.campeggioconcavalli.com\/francais\/#primaryimage","url":"https:\/\/www.campeggioconcavalli.com\/francais\/wp-content\/uploads\/2013\/07\/campeggio-con-cavalli-piemonte-horz.jpg","contentUrl":"https:\/\/www.campeggioconcavalli.com\/francais\/wp-content\/uploads\/2013\/07\/campeggio-con-cavalli-piemonte-horz.jpg","width":814,"height":239},{"@type":"BreadcrumbList","@id":"https:\/\/www.campeggioconcavalli.com\/francais\/#breadcrumb","itemListElement":[{"@type":"ListItem","position":1,"name":"Home","item":"https:\/\/www.campeggioconcavalli.com\/francais\/"},{"@type":"ListItem","position":2,"name":"Camping \u00e9questre"}]},{"@type":"WebSite","@id":"https:\/\/www.campeggioconcavalli.com\/francais\/#website","url":"https:\/\/www.campeggioconcavalli.com\/francais\/","name":"Camping Horse","description":"","potentialAction":[{"@type":"SearchAction","target":{"@type":"EntryPoint","urlTemplate":"https:\/\/www.campeggioconcavalli.com\/francais\/?s={search_term_string}"},"query-input":"required name=search_term_string"}],"inLanguage":"fr-FR"}]}},"_links":{"self":[{"href":"https:\/\/www.campeggioconcavalli.com\/francais\/wp-json\/wp\/v2\/pages\/2"}],"collection":[{"href":"https:\/\/www.campeggioconcavalli.com\/francais\/wp-json\/wp\/v2\/pages"}],"about":[{"href":"https:\/\/www.campeggioconcavalli.com\/francais\/wp-json\/wp\/v2\/types\/page"}],"author":[{"embeddable":true,"href":"https:\/\/www.campeggioconcavalli.com\/francais\/wp-json\/wp\/v2\/users\/3"}],"replies":[{"embeddable":true,"href":"https:\/\/www.campeggioconcavalli.com\/francais\/wp-json\/wp\/v2\/comments?post=2"}],"version-history":[{"count":15,"href":"https:\/\/www.campeggioconcavalli.com\/francais\/wp-json\/wp\/v2\/pages\/2\/revisions"}],"predecessor-version":[{"id":129,"href":"https:\/\/www.campeggioconcavalli.com\/francais\/wp-json\/wp\/v2\/pages\/2\/revisions\/129"}],"wp:attachment":[{"href":"https:\/\/www.campeggioconcavalli.com\/francais\/wp-json\/wp\/v2\/media?parent=2"}],"curies":[{"name":"wp","href":"https:\/\/api.w.org\/{rel}","templated":true}]}}